{"id":1205,"date":"2025-11-10T22:04:22","date_gmt":"2025-11-10T21:04:22","guid":{"rendered":"https:\/\/kaizenpatrimonio.es\/?page_id=1205"},"modified":"2026-03-23T15:29:04","modified_gmt":"2026-03-23T14:29:04","slug":"servicios","status":"publish","type":"page","link":"https:\/\/kaizenpatrimonio.es\/en\/servicios\/","title":{"rendered":"Services"},"content":{"rendered":"<style type=\"text\/css\" data-created_by=\"avia_inline_auto\" id=\"style-css-av-mhnihnf2-b0b48e626d884c1dcbcd0c4d25ffca5d\">\n.avia-section.av-mhnihnf2-b0b48e626d884c1dcbcd0c4d25ffca5d{\nbackground-repeat:no-repeat;\nbackground-image:url(https:\/\/kaizenpatrimonio.es\/wp-content\/uploads\/2026\/02\/puerta_alcala.png);\nbackground-position:50% 50%;\nbackground-attachment:scroll;\n}\n<\/style>\n<div id='av_section_1'  class='avia-section av-mhnihnf2-b0b48e626d884c1dcbcd0c4d25ffca5d main_color avia-section-no-padding avia-no-border-styling  avia-builder-el-0  el_before_av_one_full  avia-builder-el-first  avia-full-stretch avia-bg-style-scroll container_wrap sidebar_right'  data-section-bg-repeat='stretch'><div class='container av-section-cont-open' ><main  role=\"main\" itemprop=\"mainContentOfPage\"  class='template-page content  av-content-small alpha units'><div class='post-entry post-entry-type-page post-entry-1205'><div class='entry-content-wrapper clearfix'>\n\n<style type=\"text\/css\" data-created_by=\"avia_inline_auto\" id=\"style-css-av-10gvz-5744f851373852793bb6afd56efcef0b\">\n.flex_column.av-10gvz-5744f851373852793bb6afd56efcef0b{\npadding:15rem 0 0 0;\n}\n<\/style>\n<div  class='flex_column av-10gvz-5744f851373852793bb6afd56efcef0b av_one_full  avia-builder-el-1  avia-builder-el-no-sibling  first flex_column_div'     ><style type=\"text\/css\" data-created_by=\"avia_inline_auto\" id=\"style-css-av-mhnjrki3-743bfee9653b275cde6d3b334831fc91\">\n\n@media only screen and (min-width: 480px) and (max-width: 767px){ \n#top .av_textblock_section.av-mhnjrki3-743bfee9653b275cde6d3b334831fc91 .avia_textblock{\nfont-size:36px;\n}\n}\n\n@media only screen and (max-width: 479px){ \n#top .av_textblock_section.av-mhnjrki3-743bfee9653b275cde6d3b334831fc91 .avia_textblock{\nfont-size:36px;\n}\n}\n<\/style>\n<section  class='av_textblock_section av-mhnjrki3-743bfee9653b275cde6d3b334831fc91'   itemscope=\"itemscope\" itemtype=\"https:\/\/schema.org\/CreativeWork\" ><div class='avia_textblock'  itemprop=\"text\" ><h1 style=\"font-size: 72px; line-height: 1.1; color: #fff; text-align: center; font-weight: 800;\">Real estate investment services<\/h1>\n<\/div><\/section><br \/>\n<div  class='hr av-8rejz-388bf5db2d179922746c6b582a3716b4 hr-big  avia-builder-el-3  el_after_av_textblock  avia-builder-el-last'><span class='hr-inner'><span class=\"hr-inner-style\"><\/span><\/span><\/div><\/p><\/div>\n<\/div><\/div><\/main><!-- close content main element --><\/div><\/div><div id='after_section_1'  class='main_color av_default_container_wrap container_wrap sidebar_right'  ><div class='container av-section-cont-open' ><div class='template-page content  av-content-small alpha units'><div class='post-entry post-entry-type-page post-entry-1205'><div class='entry-content-wrapper clearfix'>\n<div  class='flex_column av-6btr9x-79109d6424e3e79cc7412ffbbaba900d av_one_full  avia-builder-el-4  el_after_av_section  el_before_av_one_full  avia-builder-el-first  first flex_column_div'     ><\/div><div  class='flex_column av-g5exz-19aca5e347031d8898ff070e58ea3bb5 av_one_full  avia-builder-el-6  el_after_av_one_full  avia-builder-el-last  first flex_column_div  column-top-margin'     ><\/div><\/p>","protected":false},"excerpt":{"rendered":"","protected":false},"author":1,"featured_media":1184,"parent":0,"menu_order":0,"comment_status":"closed","ping_status":"closed","template":"","meta":{"footnotes":""},"class_list":["post-1205","page","type-page","status-publish","has-post-thumbnail","hentry"],"yoast_head":"<!-- This site is optimized with the Yoast SEO plugin v27.3 - https:\/\/yoast.com\/product\/yoast-seo-wordpress\/ -->\n<title>Servicios para la inversi\u00f3n inmobiliaria - Kaizen Patrimonio<\/title>\n<meta name=\"description\" content=\"Servicios de inversi\u00f3n inmobiliaria. Identificaci\u00f3n de oportunidades de operaciones y gesti\u00f3n patrimonial orientada a la rentabilidad.\" \/>\n<meta name=\"robots\" content=\"index, follow, max-snippet:-1, max-image-preview:large, max-video-preview:-1\" \/>\n<link rel=\"canonical\" href=\"https:\/\/kaizenpatrimonio.es\/en\/servicios\/\" \/>\n<meta property=\"og:locale\" content=\"en_US\" \/>\n<meta property=\"og:type\" content=\"article\" \/>\n<meta property=\"og:title\" content=\"Servicios para la inversi\u00f3n inmobiliaria - Kaizen Patrimonio\" \/>\n<meta property=\"og:description\" content=\"Servicios de inversi\u00f3n inmobiliaria. Identificaci\u00f3n de oportunidades de operaciones y gesti\u00f3n patrimonial orientada a la rentabilidad.\" \/>\n<meta property=\"og:url\" content=\"https:\/\/kaizenpatrimonio.es\/en\/servicios\/\" \/>\n<meta property=\"og:site_name\" content=\"Kaizen Patrimonio\" \/>\n<meta property=\"article:modified_time\" content=\"2026-03-23T14:29:04+00:00\" \/>\n<meta property=\"og:image\" content=\"https:\/\/kaizenpatrimonio.es\/wp-content\/uploads\/2025\/11\/KAIZEN-1-1.png\" \/>\n\t<meta property=\"og:image:width\" content=\"226\" \/>\n\t<meta property=\"og:image:height\" content=\"200\" \/>\n\t<meta property=\"og:image:type\" content=\"image\/png\" \/>\n<meta name=\"twitter:card\" content=\"summary_large_image\" \/>\n<meta name=\"twitter:label1\" content=\"Est. reading time\" \/>\n\t<meta name=\"twitter:data1\" content=\"1 minute\" \/>\n<script type=\"application\/ld+json\" class=\"yoast-schema-graph\">{\"@context\":\"https:\\\/\\\/schema.org\",\"@graph\":[{\"@type\":\"WebPage\",\"@id\":\"https:\\\/\\\/kaizenpatrimonio.es\\\/servicios\\\/\",\"url\":\"https:\\\/\\\/kaizenpatrimonio.es\\\/servicios\\\/\",\"name\":\"Servicios para la inversi\u00f3n inmobiliaria - Kaizen Patrimonio\",\"isPartOf\":{\"@id\":\"https:\\\/\\\/kaizenpatrimonio.es\\\/#website\"},\"primaryImageOfPage\":{\"@id\":\"https:\\\/\\\/kaizenpatrimonio.es\\\/servicios\\\/#primaryimage\"},\"image\":{\"@id\":\"https:\\\/\\\/kaizenpatrimonio.es\\\/servicios\\\/#primaryimage\"},\"thumbnailUrl\":\"https:\\\/\\\/kaizenpatrimonio.es\\\/wp-content\\\/uploads\\\/2025\\\/11\\\/KAIZEN-1-1.png\",\"datePublished\":\"2025-11-10T21:04:22+00:00\",\"dateModified\":\"2026-03-23T14:29:04+00:00\",\"description\":\"Servicios de inversi\u00f3n inmobiliaria. Identificaci\u00f3n de oportunidades de operaciones y gesti\u00f3n patrimonial orientada a la rentabilidad.\",\"breadcrumb\":{\"@id\":\"https:\\\/\\\/kaizenpatrimonio.es\\\/servicios\\\/#breadcrumb\"},\"inLanguage\":\"en-US\",\"potentialAction\":[{\"@type\":\"ReadAction\",\"target\":[\"https:\\\/\\\/kaizenpatrimonio.es\\\/servicios\\\/\"]}]},{\"@type\":\"ImageObject\",\"inLanguage\":\"en-US\",\"@id\":\"https:\\\/\\\/kaizenpatrimonio.es\\\/servicios\\\/#primaryimage\",\"url\":\"https:\\\/\\\/kaizenpatrimonio.es\\\/wp-content\\\/uploads\\\/2025\\\/11\\\/KAIZEN-1-1.png\",\"contentUrl\":\"https:\\\/\\\/kaizenpatrimonio.es\\\/wp-content\\\/uploads\\\/2025\\\/11\\\/KAIZEN-1-1.png\",\"width\":226,\"height\":200},{\"@type\":\"BreadcrumbList\",\"@id\":\"https:\\\/\\\/kaizenpatrimonio.es\\\/servicios\\\/#breadcrumb\",\"itemListElement\":[{\"@type\":\"ListItem\",\"position\":1,\"name\":\"Portada\",\"item\":\"https:\\\/\\\/kaizenpatrimonio.es\\\/kaizen-patrimonio-gestion-madrid\\\/\"},{\"@type\":\"ListItem\",\"position\":2,\"name\":\"Servicios\"}]},{\"@type\":\"WebSite\",\"@id\":\"https:\\\/\\\/kaizenpatrimonio.es\\\/#website\",\"url\":\"https:\\\/\\\/kaizenpatrimonio.es\\\/\",\"name\":\"Kaizen Patrimonio\",\"description\":\"\",\"publisher\":{\"@id\":\"https:\\\/\\\/kaizenpatrimonio.es\\\/#organization\"},\"potentialAction\":[{\"@type\":\"SearchAction\",\"target\":{\"@type\":\"EntryPoint\",\"urlTemplate\":\"https:\\\/\\\/kaizenpatrimonio.es\\\/?s={search_term_string}\"},\"query-input\":{\"@type\":\"PropertyValueSpecification\",\"valueRequired\":true,\"valueName\":\"search_term_string\"}}],\"inLanguage\":\"en-US\"},{\"@type\":\"Organization\",\"@id\":\"https:\\\/\\\/kaizenpatrimonio.es\\\/#organization\",\"name\":\"Kaizen Patrimonio\",\"url\":\"https:\\\/\\\/kaizenpatrimonio.es\\\/\",\"logo\":{\"@type\":\"ImageObject\",\"inLanguage\":\"en-US\",\"@id\":\"https:\\\/\\\/kaizenpatrimonio.es\\\/#\\\/schema\\\/logo\\\/image\\\/\",\"url\":\"https:\\\/\\\/kaizenpatrimonio.es\\\/wp-content\\\/uploads\\\/2025\\\/10\\\/logotipo_header.png\",\"contentUrl\":\"https:\\\/\\\/kaizenpatrimonio.es\\\/wp-content\\\/uploads\\\/2025\\\/10\\\/logotipo_header.png\",\"width\":636,\"height\":194,\"caption\":\"Kaizen Patrimonio\"},\"image\":{\"@id\":\"https:\\\/\\\/kaizenpatrimonio.es\\\/#\\\/schema\\\/logo\\\/image\\\/\"}}]}<\/script>\n<!-- \/ Yoast SEO plugin. -->","yoast_head_json":{"title":"Servicios para la inversi\u00f3n inmobiliaria - Kaizen Patrimonio","description":"Servicios de inversi\u00f3n inmobiliaria. Identificaci\u00f3n de oportunidades de operaciones y gesti\u00f3n patrimonial orientada a la rentabilidad.","robots":{"index":"index","follow":"follow","max-snippet":"max-snippet:-1","max-image-preview":"max-image-preview:large","max-video-preview":"max-video-preview:-1"},"canonical":"https:\/\/kaizenpatrimonio.es\/en\/servicios\/","og_locale":"en_US","og_type":"article","og_title":"Servicios para la inversi\u00f3n inmobiliaria - Kaizen Patrimonio","og_description":"Servicios de inversi\u00f3n inmobiliaria. Identificaci\u00f3n de oportunidades de operaciones y gesti\u00f3n patrimonial orientada a la rentabilidad.","og_url":"https:\/\/kaizenpatrimonio.es\/en\/servicios\/","og_site_name":"Kaizen Patrimonio","article_modified_time":"2026-03-23T14:29:04+00:00","og_image":[{"width":226,"height":200,"url":"https:\/\/kaizenpatrimonio.es\/wp-content\/uploads\/2025\/11\/KAIZEN-1-1.png","type":"image\/png"}],"twitter_card":"summary_large_image","twitter_misc":{"Est. reading time":"1 minute"},"schema":{"@context":"https:\/\/schema.org","@graph":[{"@type":"WebPage","@id":"https:\/\/kaizenpatrimonio.es\/servicios\/","url":"https:\/\/kaizenpatrimonio.es\/servicios\/","name":"Servicios para la inversi\u00f3n inmobiliaria - Kaizen Patrimonio","isPartOf":{"@id":"https:\/\/kaizenpatrimonio.es\/#website"},"primaryImageOfPage":{"@id":"https:\/\/kaizenpatrimonio.es\/servicios\/#primaryimage"},"image":{"@id":"https:\/\/kaizenpatrimonio.es\/servicios\/#primaryimage"},"thumbnailUrl":"https:\/\/kaizenpatrimonio.es\/wp-content\/uploads\/2025\/11\/KAIZEN-1-1.png","datePublished":"2025-11-10T21:04:22+00:00","dateModified":"2026-03-23T14:29:04+00:00","description":"Servicios de inversi\u00f3n inmobiliaria. Identificaci\u00f3n de oportunidades de operaciones y gesti\u00f3n patrimonial orientada a la rentabilidad.","breadcrumb":{"@id":"https:\/\/kaizenpatrimonio.es\/servicios\/#breadcrumb"},"inLanguage":"en-US","potentialAction":[{"@type":"ReadAction","target":["https:\/\/kaizenpatrimonio.es\/servicios\/"]}]},{"@type":"ImageObject","inLanguage":"en-US","@id":"https:\/\/kaizenpatrimonio.es\/servicios\/#primaryimage","url":"https:\/\/kaizenpatrimonio.es\/wp-content\/uploads\/2025\/11\/KAIZEN-1-1.png","contentUrl":"https:\/\/kaizenpatrimonio.es\/wp-content\/uploads\/2025\/11\/KAIZEN-1-1.png","width":226,"height":200},{"@type":"BreadcrumbList","@id":"https:\/\/kaizenpatrimonio.es\/servicios\/#breadcrumb","itemListElement":[{"@type":"ListItem","position":1,"name":"Portada","item":"https:\/\/kaizenpatrimonio.es\/kaizen-patrimonio-gestion-madrid\/"},{"@type":"ListItem","position":2,"name":"Servicios"}]},{"@type":"WebSite","@id":"https:\/\/kaizenpatrimonio.es\/#website","url":"https:\/\/kaizenpatrimonio.es\/","name":"Kaizen Patrimonio","description":"","publisher":{"@id":"https:\/\/kaizenpatrimonio.es\/#organization"},"potentialAction":[{"@type":"SearchAction","target":{"@type":"EntryPoint","urlTemplate":"https:\/\/kaizenpatrimonio.es\/?s={search_term_string}"},"query-input":{"@type":"PropertyValueSpecification","valueRequired":true,"valueName":"search_term_string"}}],"inLanguage":"en-US"},{"@type":"Organization","@id":"https:\/\/kaizenpatrimonio.es\/#organization","name":"Kaizen Patrimonio","url":"https:\/\/kaizenpatrimonio.es\/","logo":{"@type":"ImageObject","inLanguage":"en-US","@id":"https:\/\/kaizenpatrimonio.es\/#\/schema\/logo\/image\/","url":"https:\/\/kaizenpatrimonio.es\/wp-content\/uploads\/2025\/10\/logotipo_header.png","contentUrl":"https:\/\/kaizenpatrimonio.es\/wp-content\/uploads\/2025\/10\/logotipo_header.png","width":636,"height":194,"caption":"Kaizen Patrimonio"},"image":{"@id":"https:\/\/kaizenpatrimonio.es\/#\/schema\/logo\/image\/"}}]}},"_links":{"self":[{"href":"https:\/\/kaizenpatrimonio.es\/en\/wp-json\/wp\/v2\/pages\/1205","targetHints":{"allow":["GET"]}}],"collection":[{"href":"https:\/\/kaizenpatrimonio.es\/en\/wp-json\/wp\/v2\/pages"}],"about":[{"href":"https:\/\/kaizenpatrimonio.es\/en\/wp-json\/wp\/v2\/types\/page"}],"author":[{"embeddable":true,"href":"https:\/\/kaizenpatrimonio.es\/en\/wp-json\/wp\/v2\/users\/1"}],"replies":[{"embeddable":true,"href":"https:\/\/kaizenpatrimonio.es\/en\/wp-json\/wp\/v2\/comments?post=1205"}],"version-history":[{"count":72,"href":"https:\/\/kaizenpatrimonio.es\/en\/wp-json\/wp\/v2\/pages\/1205\/revisions"}],"predecessor-version":[{"id":2216,"href":"https:\/\/kaizenpatrimonio.es\/en\/wp-json\/wp\/v2\/pages\/1205\/revisions\/2216"}],"wp:featuredmedia":[{"embeddable":true,"href":"https:\/\/kaizenpatrimonio.es\/en\/wp-json\/wp\/v2\/media\/1184"}],"wp:attachment":[{"href":"https:\/\/kaizenpatrimonio.es\/en\/wp-json\/wp\/v2\/media?parent=1205"}],"curies":[{"name":"wp","href":"https:\/\/api.w.org\/{rel}","templated":true}]}}